{"id":25,"date":"2017-07-13T14:09:06","date_gmt":"2017-07-13T11:09:06","guid":{"rendered":"https:\/\/otheritages.efa.gr\/?page_id=25"},"modified":"2026-02-13T11:04:22","modified_gmt":"2026-02-13T09:04:22","slug":"asar","status":"publish","type":"page","link":"https:\/\/otheritages.music.uoa.gr\/index.php\/asar\/","title":{"rendered":"\u00c2S\u00c2R"},"content":{"rendered":"<p><img loading=\"lazy\" decoding=\"async\" class=\"wp-image-120 alignleft\" src=\"https:\/\/otheritages.music.uoa.gr\/wp-content\/uploads\/2017\/07\/asar-300x142.png\" alt=\"\" width=\"401\" height=\"190\" srcset=\"https:\/\/otheritages.music.uoa.gr\/wp-content\/uploads\/2017\/07\/asar-300x142.png 300w, https:\/\/otheritages.music.uoa.gr\/wp-content\/uploads\/2017\/07\/asar.png 662w\" sizes=\"auto, (max-width: 401px) 100vw, 401px\" \/><\/p>\n<p>&nbsp;<\/p>\n<p>&nbsp;<\/p>\n<p>&nbsp;<\/p>\n<p>&nbsp;<\/p>\n<p>&nbsp;<\/p>\n<p><em>Otheritages<\/em> research project holds a strong commitment to open access, open data and open-source software in relation to research tools, software, methods, and final outputs. It aims to contribute to the promotion of openness, transparency and the sharing and reuse of data and resources.<\/p>\n<p><em>\u00c2S\u00c2R<\/em> section features various online digital applications that\u00a0 developed \u00a0throughout the course of the project.\u00a0 Certain applications are in pilot format, with the potential to develop and expand in terms of structure and content.<\/p>\n<p>Curatorship and Supervision: Elias Kolovos and Panagiotis C. Poulos<\/p>\n<p>Digital Humanities Consultant: Anna-Maria <span class=\"familyName\">Sichani<\/span><\/p>\n<p>&nbsp;<\/p>\n<p style=\"text-align: center;\"><strong>Senseflows: sensorial flows in Salonica at the transition from the Ottoman empire to the Greek State<\/strong><\/p>\n<p style=\"text-align: center;\">[Coming soon!]<\/p>\n<p>&nbsp;<\/p>\n<p><img loading=\"lazy\" decoding=\"async\" class=\"size-medium wp-image-855 aligncenter\" src=\"https:\/\/otheritages.music.uoa.gr\/wp-content\/uploads\/2022\/04\/img-4-300x160.jpg\" alt=\"\" width=\"300\" height=\"160\" srcset=\"https:\/\/otheritages.music.uoa.gr\/wp-content\/uploads\/2022\/04\/img-4-300x160.jpg 300w, https:\/\/otheritages.music.uoa.gr\/wp-content\/uploads\/2022\/04\/img-4-1024x546.jpg 1024w, https:\/\/otheritages.music.uoa.gr\/wp-content\/uploads\/2022\/04\/img-4-768x410.jpg 768w, https:\/\/otheritages.music.uoa.gr\/wp-content\/uploads\/2022\/04\/img-4.jpg 1397w\" sizes=\"auto, (max-width: 300px) 100vw, 300px\" \/><\/p>\n<p>&nbsp;<\/p>\n<p style=\"text-align: center;\"><strong>Ottoman Heritage in Greece: Map and Bibliography<\/strong><\/p>\n<p style=\"text-align: center;\"><a href=\"https:\/\/otheritages.music.uoa.gr\/index.php\/ottoman-heritage-in-greece-map-and-bibliography\/\"><img loading=\"lazy\" decoding=\"async\" class=\" wp-image-788 aligncenter\" src=\"https:\/\/otheritages.music.uoa.gr\/wp-content\/uploads\/2022\/03\/Screenshot-2022-03-26-at-00.03.45-300x167.png\" alt=\"\" width=\"304\" height=\"169\" srcset=\"https:\/\/otheritages.music.uoa.gr\/wp-content\/uploads\/2022\/03\/Screenshot-2022-03-26-at-00.03.45-300x167.png 300w, https:\/\/otheritages.music.uoa.gr\/wp-content\/uploads\/2022\/03\/Screenshot-2022-03-26-at-00.03.45-1024x570.png 1024w, https:\/\/otheritages.music.uoa.gr\/wp-content\/uploads\/2022\/03\/Screenshot-2022-03-26-at-00.03.45-768x427.png 768w, https:\/\/otheritages.music.uoa.gr\/wp-content\/uploads\/2022\/03\/Screenshot-2022-03-26-at-00.03.45-1536x854.png 1536w, https:\/\/otheritages.music.uoa.gr\/wp-content\/uploads\/2022\/03\/Screenshot-2022-03-26-at-00.03.45-2048x1139.png 2048w, https:\/\/otheritages.music.uoa.gr\/wp-content\/uploads\/2022\/03\/Screenshot-2022-03-26-at-00.03.45-920x512.png 920w, https:\/\/otheritages.music.uoa.gr\/wp-content\/uploads\/2022\/03\/Screenshot-2022-03-26-at-00.03.45-230x128.png 230w, https:\/\/otheritages.music.uoa.gr\/wp-content\/uploads\/2022\/03\/Screenshot-2022-03-26-at-00.03.45-350x195.png 350w, https:\/\/otheritages.music.uoa.gr\/wp-content\/uploads\/2022\/03\/Screenshot-2022-03-26-at-00.03.45-480x267.png 480w\" sizes=\"auto, (max-width: 304px) 100vw, 304px\" \/><\/a><\/p>\n<p>&nbsp;<\/p>\n<p style=\"text-align: center;\"><strong>\u00e2s\u00e2r-\u0131 atika\/\u03bc\u03bd\u03b7\u03bc\u03b5\u03af\u03b1<\/strong><\/p>\n<p style=\"text-align: center;\">\u0392\u03b9\u03bb\u03b1\u03ad\u03c4\u03b9 \u0399\u03c9\u03b1\u03bd\u03bd\u03af\u03bd\u03c9\u03bd<\/p>\n<p style=\"text-align: center;\"><a href=\"https:\/\/cdn.knightlab.com\/libs\/timeline3\/latest\/embed\/index.html?source=1ZUXweAE8U4_BIOyOVwkgnFCWn8IrcJdq1q5jnfGi5lM&amp;font=Default&amp;lang=en&amp;initial_zoom=2&amp;height=650\"><img loading=\"lazy\" decoding=\"async\" class=\"size-medium wp-image-318 aligncenter\" src=\"https:\/\/otheritages.music.uoa.gr\/wp-content\/uploads\/2017\/07\/969beec8e79f765b45325962cd76487a-300x224.jpg\" alt=\"\" width=\"300\" height=\"224\" srcset=\"https:\/\/otheritages.music.uoa.gr\/wp-content\/uploads\/2017\/07\/969beec8e79f765b45325962cd76487a-300x224.jpg 300w, https:\/\/otheritages.music.uoa.gr\/wp-content\/uploads\/2017\/07\/969beec8e79f765b45325962cd76487a-768x573.jpg 768w, https:\/\/otheritages.music.uoa.gr\/wp-content\/uploads\/2017\/07\/969beec8e79f765b45325962cd76487a-1024x764.jpg 1024w, https:\/\/otheritages.music.uoa.gr\/wp-content\/uploads\/2017\/07\/969beec8e79f765b45325962cd76487a.jpg 1500w\" sizes=\"auto, (max-width: 300px) 100vw, 300px\" \/><\/a><\/p>\n<p>&nbsp;<\/p>\n","protected":false},"excerpt":{"rendered":"<p>&nbsp; &nbsp; &nbsp; &nbsp; &nbsp; Otheritages research project holds a strong commitment to open access, open data and open-source software in relation to research tools, software, methods, and final outputs. It aims to contribute to the promotion of openness, transparency &hellip; <\/p>\n<div class=\"read-more\"><a href=\"https:\/\/otheritages.music.uoa.gr\/index.php\/asar\/\" class=\"more-link\">Read More<\/a><\/div>\n","protected":false},"author":2,"featured_media":0,"parent":0,"menu_order":0,"comment_status":"closed","ping_status":"closed","template":"","meta":{"footnotes":""},"class_list":["post-25","page","type-page","status-publish","hentry","entry"],"_links":{"self":[{"href":"https:\/\/otheritages.music.uoa.gr\/index.php\/wp-json\/wp\/v2\/pages\/25","targetHints":{"allow":["GET"]}}],"collection":[{"href":"https:\/\/otheritages.music.uoa.gr\/index.php\/wp-json\/wp\/v2\/pages"}],"about":[{"href":"https:\/\/otheritages.music.uoa.gr\/index.php\/wp-json\/wp\/v2\/types\/page"}],"author":[{"embeddable":true,"href":"https:\/\/otheritages.music.uoa.gr\/index.php\/wp-json\/wp\/v2\/users\/2"}],"replies":[{"embeddable":true,"href":"https:\/\/otheritages.music.uoa.gr\/index.php\/wp-json\/wp\/v2\/comments?post=25"}],"version-history":[{"count":1,"href":"https:\/\/otheritages.music.uoa.gr\/index.php\/wp-json\/wp\/v2\/pages\/25\/revisions"}],"predecessor-version":[{"id":909,"href":"https:\/\/otheritages.music.uoa.gr\/index.php\/wp-json\/wp\/v2\/pages\/25\/revisions\/909"}],"wp:attachment":[{"href":"https:\/\/otheritages.music.uoa.gr\/index.php\/wp-json\/wp\/v2\/media?parent=25"}],"curies":[{"name":"wp","href":"https:\/\/api.w.org\/{rel}","templated":true}]}}